{"id":223,"date":"2024-08-25T18:56:47","date_gmt":"2024-08-25T16:56:47","guid":{"rendered":"https:\/\/quart-hibou.fr\/?page_id=223"},"modified":"2024-08-26T18:24:56","modified_gmt":"2024-08-26T16:24:56","slug":"mentions-legales","status":"publish","type":"page","link":"https:\/\/quart-hibou.fr\/index.php\/mentions-legales\/","title":{"rendered":"Mentions l\u00e9gales"},"content":{"rendered":"\n<p><strong><u>\u00c9diteur <\/u><\/strong><\/p>\n\n\n\n<p><strong>Quart-Hibou \u00c9ditions<\/strong><br><strong>Monsieur Samuel Masson<\/strong><br><strong>SIRET\u00a0: 51248456900029<\/strong><br><strong>Num\u00e9ro TVA Intracommunautaire\u00a0: FR33512484569<\/strong><br><strong>rue de la pla ce du ch\u00e2teau, 59274 Marquillies<br>Email : contact(at)quart-hibou.fr<br><br><\/strong><br><strong><span style=\"text-decoration: underline;\">Responsable de la publication<\/span> :<br>Samuel Masson, fondateur Quart-Hibou \u00c9ditions.<br><br><u>H\u00e9bergeur du site<\/u> :<br>OVH<br>SAS au capital de 50 000 000 \u20ac<\/strong><br><strong>RCS Lille M\u00e9tropole 424 761 419 00045<br>Code APE 2620Z &#8211; N\u00b0 TVA : FR 22 424 761 419<br>Si\u00e8ge social : 2 rue Kellermann &#8211; 59100 Roubaix &#8211; France<\/strong><\/p>\n\n\n\n<p><strong><u>Donn\u00e9es personnelles<\/u> :<br>Pour les informations recueillies par le site www.quart-hibou.fr utilis\u00e9es pour le traitement des commandes : elles sont destin\u00e9es \u00e0 un usage interne par Quart-Hibou et ne seront en aucun cas divulgu\u00e9es \u00e0 des tiers sans consentement pr\u00e9alable. Conform\u00e9ment \u00e0 la loi Informatique et Libert\u00e9s, le client dispose d&rsquo;un droit d&rsquo;acc\u00e8s, de rectification et de suppression des donn\u00e9es le concernant en contactant Quart-Hibou par mail \u00e0 l&rsquo;adresse contact(at)quart-hibou.fr.<\/strong><br><strong>Voir la page Politique de Confidentialit\u00e9 pour davantage de pr\u00e9cisions.<br><br><u>Propri\u00e9t\u00e9 intellectuelle<\/u> :<br>Tous les contenus pr\u00e9sents sur le site www.quart-hibou.fr sont prot\u00e9g\u00e9s par le droit de la propri\u00e9t\u00e9 intellectuelle et sont la propri\u00e9t\u00e9 exclusive des \u00e9ditions Quart-Hibou.<br><br><u>Non-utilisation des contenus des \u0153uvres<\/u> :<br>Les contenus des \u0153uvres publi\u00e9es par Quart-Hibou \u00c9ditions, qu&rsquo;ils soient sous forme physique ou num\u00e9rique (e-books), sont prot\u00e9g\u00e9s par le droit d&rsquo;auteur. Toute reproduction, distribution, modification ou utilisation non autoris\u00e9e des contenus des \u0153uvres, en tout ou en partie, est strictement interdite et peut faire l&rsquo;objet de poursuites judiciaires.<br><br><u>Cookies<\/u> :<br>Le site www.quart-hibou.fr utilise des cookies pour am\u00e9liorer l&rsquo;exp\u00e9rience utilisateur. Le client peut configurer son navigateur pour refuser les cookies, mais cela peut alt\u00e9rer certaines fonctionnalit\u00e9s du site.<br><\/strong><br><\/p>\n\n\n\n<p><\/p>\n","protected":false},"excerpt":{"rendered":"<p>\u00c9diteur Quart-Hibou \u00c9ditionsMonsieur Samuel MassonSIRET\u00a0: 51248456900029Num\u00e9ro TVA Intracommunautaire\u00a0: FR33512484569rue de la pla ce du ch\u00e2teau, 59274 MarquilliesEmail : contact(at)quart-hibou.fr Responsable de la publication :Samuel Masson, fondateur Quart-Hibou \u00c9ditions. H\u00e9bergeur du site :OVHSAS au capital de 50 000 000 \u20acRCS Lille M\u00e9tropole 424 761 419 00045Code APE 2620Z &#8211; N\u00b0 TVA : FR 22 424 761 [&hellip;]<\/p>\n","protected":false},"author":1,"featured_media":0,"parent":0,"menu_order":0,"comment_status":"closed","ping_status":"closed","template":"","meta":{"ocean_post_layout":"","ocean_both_sidebars_style":"","ocean_both_sidebars_content_width":0,"ocean_both_sidebars_sidebars_width":0,"ocean_sidebar":"","ocean_second_sidebar":"","ocean_disable_margins":"enable","ocean_add_body_class":"","ocean_shortcode_before_top_bar":"","ocean_shortcode_after_top_bar":"","ocean_shortcode_before_header":"","ocean_shortcode_after_header":"","ocean_has_shortcode":"","ocean_shortcode_after_title":"","ocean_shortcode_before_footer_widgets":"","ocean_shortcode_after_footer_widgets":"","ocean_shortcode_before_footer_bottom":"","ocean_shortcode_after_footer_bottom":"","ocean_display_top_bar":"default","ocean_display_header":"default","ocean_header_style":"","ocean_center_header_left_menu":"","ocean_custom_header_template":"","ocean_custom_logo":0,"ocean_custom_retina_logo":0,"ocean_custom_logo_max_width":0,"ocean_custom_logo_tablet_max_width":0,"ocean_custom_logo_mobile_max_width":0,"ocean_custom_logo_max_height":0,"ocean_custom_logo_tablet_max_height":0,"ocean_custom_logo_mobile_max_height":0,"ocean_header_custom_menu":"","ocean_menu_typo_font_family":"","ocean_menu_typo_font_subset":"","ocean_menu_typo_font_size":0,"ocean_menu_typo_font_size_tablet":0,"ocean_menu_typo_font_size_mobile":0,"ocean_menu_typo_font_size_unit":"px","ocean_menu_typo_font_weight":"","ocean_menu_typo_font_weight_tablet":"","ocean_menu_typo_font_weight_mobile":"","ocean_menu_typo_transform":"","ocean_menu_typo_transform_tablet":"","ocean_menu_typo_transform_mobile":"","ocean_menu_typo_line_height":0,"ocean_menu_typo_line_height_tablet":0,"ocean_menu_typo_line_height_mobile":0,"ocean_menu_typo_line_height_unit":"","ocean_menu_typo_spacing":0,"ocean_menu_typo_spacing_tablet":0,"ocean_menu_typo_spacing_mobile":0,"ocean_menu_typo_spacing_unit":"","ocean_menu_link_color":"","ocean_menu_link_color_hover":"","ocean_menu_link_color_active":"","ocean_menu_link_background":"","ocean_menu_link_hover_background":"","ocean_menu_link_active_background":"","ocean_menu_social_links_bg":"","ocean_menu_social_hover_links_bg":"","ocean_menu_social_links_color":"","ocean_menu_social_hover_links_color":"","ocean_disable_title":"default","ocean_disable_heading":"default","ocean_post_title":"","ocean_post_subheading":"","ocean_post_title_style":"","ocean_post_title_background_color":"","ocean_post_title_background":0,"ocean_post_title_bg_image_position":"","ocean_post_title_bg_image_attachment":"","ocean_post_title_bg_image_repeat":"","ocean_post_title_bg_image_size":"","ocean_post_title_height":0,"ocean_post_title_bg_overlay":0.5,"ocean_post_title_bg_overlay_color":"","ocean_disable_breadcrumbs":"default","ocean_breadcrumbs_color":"","ocean_breadcrumbs_separator_color":"","ocean_breadcrumbs_links_color":"","ocean_breadcrumbs_links_hover_color":"","ocean_display_footer_widgets":"default","ocean_display_footer_bottom":"default","ocean_custom_footer_template":"","footnotes":""},"class_list":["post-223","page","type-page","status-publish","hentry","entry","owp-thumbs-layout-horizontal","owp-btn-normal","owp-tabs-layout-horizontal","has-no-thumbnails","has-product-nav"],"jetpack_sharing_enabled":true,"_links":{"self":[{"href":"https:\/\/quart-hibou.fr\/index.php\/wp-json\/wp\/v2\/pages\/223","targetHints":{"allow":["GET"]}}],"collection":[{"href":"https:\/\/quart-hibou.fr\/index.php\/wp-json\/wp\/v2\/pages"}],"about":[{"href":"https:\/\/quart-hibou.fr\/index.php\/wp-json\/wp\/v2\/types\/page"}],"author":[{"embeddable":true,"href":"https:\/\/quart-hibou.fr\/index.php\/wp-json\/wp\/v2\/users\/1"}],"replies":[{"embeddable":true,"href":"https:\/\/quart-hibou.fr\/index.php\/wp-json\/wp\/v2\/comments?post=223"}],"version-history":[{"count":2,"href":"https:\/\/quart-hibou.fr\/index.php\/wp-json\/wp\/v2\/pages\/223\/revisions"}],"predecessor-version":[{"id":272,"href":"https:\/\/quart-hibou.fr\/index.php\/wp-json\/wp\/v2\/pages\/223\/revisions\/272"}],"wp:attachment":[{"href":"https:\/\/quart-hibou.fr\/index.php\/wp-json\/wp\/v2\/media?parent=223"}],"curies":[{"name":"wp","href":"https:\/\/api.w.org\/{rel}","templated":true}]}}