{"id":173,"date":"2015-05-01T19:03:33","date_gmt":"2015-05-01T17:03:33","guid":{"rendered":"http:\/\/192.168.1.50\/?post_type=product&#038;p=173"},"modified":"2024-08-18T19:11:06","modified_gmt":"2024-08-18T17:11:06","slug":"moi-cyril-auxiliaire-au-crematorium","status":"publish","type":"product","link":"https:\/\/quart-hibou.fr\/index.php\/produit\/moi-cyril-auxiliaire-au-crematorium\/","title":{"rendered":"moi Cyril, auxiliaire au cr\u00e9matorium"},"content":{"rendered":"<p class=\"western\" align=\"left\">Auteur : Samuel Masson<\/p>\n<p class=\"western\" align=\"left\">illustration couverture : CLM<\/p>\n<p class=\"western\" align=\"left\">ISBN : 978-2-9543127-5-0<\/p>\n<p class=\"western\" align=\"left\">ann\u00e9e parution : 2015<\/p>\n<p class=\"western\" align=\"left\">nb pages : 282<\/p>\n<p class=\"western\" align=\"left\">Roman &#8211; Thriller<\/p>\n<p align=\"left\">\u2022 Si je comprends le r\u00e9sum\u00e9 de votre future activit\u00e9\u00a0: une personne qui a un besoin sp\u00e9cial le satisfera gr\u00e2ce \u00e0 la mort d\u2019un type qui veut se suicider.<br \/>\n\u2022 C\u2019est tout \u00e0 fait \u00e7a, c\u2019est une mise en relation.<br \/>\nCyril commen\u00e7ait \u00e0 le tenir son pitch. Il faut avouer qu\u2019avant d\u2019atterrir dans le fauteuil de cette banque pour faire une demande de pr\u00eat, il en \u00e9tait pass\u00e9 de l\u2019eau sous les ponts. En g\u00e9n\u00e9ral, il n\u2019\u00e9chappait pas \u00e0 \u00a0:<br \/>\n\u2022 Et c\u2019est l\u00e9gal \u00e7a\u00a0?<br \/>\nOn se trouvait dans une banque donc, ce fut plut\u00f4t\u00a0:<br \/>\n\u2022 Et c\u2019est rentable \u00e7a\u00a0? \u2013<\/p>\n<p>Ce livre r\u00e9pond \u00e0 2 interrogations\u00a0:<br \/>\n&#8211; comment monter et planter sa start-up en France\u00a0?<br \/>\n&#8211; comment devenir serial-killer sans le vouloir\u00a0?<\/p>\n","protected":false},"excerpt":{"rendered":"<p>Auteur : Samuel Masson illustration couverture : CLM ISBN : 978-2-9543127-5-0 ann\u00e9e parution : 2015 nb pages : 282 Roman &#8211; Thriller \u2022 Si je comprends le r\u00e9sum\u00e9 de votre future activit\u00e9\u00a0: une personne qui a un besoin sp\u00e9cial le satisfera gr\u00e2ce \u00e0 la mort d\u2019un type qui veut se suicider. \u2022 C\u2019est tout \u00e0 [&hellip;]<\/p>\n","protected":false},"featured_media":175,"comment_status":"open","ping_status":"closed","template":"","meta":{"ocean_post_layout":"","ocean_both_sidebars_style":"","ocean_both_sidebars_content_width":0,"ocean_both_sidebars_sidebars_width":0,"ocean_sidebar":"0","ocean_second_sidebar":"0","ocean_disable_margins":"enable","ocean_add_body_class":"","ocean_shortcode_before_top_bar":"","ocean_shortcode_after_top_bar":"","ocean_shortcode_before_header":"","ocean_shortcode_after_header":"","ocean_has_shortcode":"","ocean_shortcode_after_title":"","ocean_shortcode_before_footer_widgets":"","ocean_shortcode_after_footer_widgets":"","ocean_shortcode_before_footer_bottom":"","ocean_shortcode_after_footer_bottom":"","ocean_display_top_bar":"default","ocean_display_header":"default","ocean_header_style":"","ocean_center_header_left_menu":"0","ocean_custom_header_template":"0","ocean_custom_logo":0,"ocean_custom_retina_logo":0,"ocean_custom_logo_max_width":0,"ocean_custom_logo_tablet_max_width":0,"ocean_custom_logo_mobile_max_width":0,"ocean_custom_logo_max_height":0,"ocean_custom_logo_tablet_max_height":0,"ocean_custom_logo_mobile_max_height":0,"ocean_header_custom_menu":"0","ocean_menu_typo_font_family":"0","ocean_menu_typo_font_subset":"","ocean_menu_typo_font_size":0,"ocean_menu_typo_font_size_tablet":0,"ocean_menu_typo_font_size_mobile":0,"ocean_menu_typo_font_size_unit":"px","ocean_menu_typo_font_weight":"","ocean_menu_typo_font_weight_tablet":"","ocean_menu_typo_font_weight_mobile":"","ocean_menu_typo_transform":"","ocean_menu_typo_transform_tablet":"","ocean_menu_typo_transform_mobile":"","ocean_menu_typo_line_height":0,"ocean_menu_typo_line_height_tablet":0,"ocean_menu_typo_line_height_mobile":0,"ocean_menu_typo_line_height_unit":"","ocean_menu_typo_spacing":0,"ocean_menu_typo_spacing_tablet":0,"ocean_menu_typo_spacing_mobile":0,"ocean_menu_typo_spacing_unit":"","ocean_menu_link_color":"","ocean_menu_link_color_hover":"","ocean_menu_link_color_active":"","ocean_menu_link_background":"","ocean_menu_link_hover_background":"","ocean_menu_link_active_background":"","ocean_menu_social_links_bg":"","ocean_menu_social_hover_links_bg":"","ocean_menu_social_links_color":"","ocean_menu_social_hover_links_color":"","ocean_disable_title":"default","ocean_disable_heading":"default","ocean_post_title":"","ocean_post_subheading":"","ocean_post_title_style":"","ocean_post_title_background_color":"","ocean_post_title_background":0,"ocean_post_title_bg_image_position":"","ocean_post_title_bg_image_attachment":"","ocean_post_title_bg_image_repeat":"","ocean_post_title_bg_image_size":"","ocean_post_title_height":0,"ocean_post_title_bg_overlay":0.5,"ocean_post_title_bg_overlay_color":"","ocean_disable_breadcrumbs":"default","ocean_breadcrumbs_color":"","ocean_breadcrumbs_separator_color":"","ocean_breadcrumbs_links_color":"","ocean_breadcrumbs_links_hover_color":"","ocean_display_footer_widgets":"default","ocean_display_footer_bottom":"default","ocean_custom_footer_template":"0"},"product_brand":[],"product_cat":[22,21,16],"product_tag":[18,20,17,19],"class_list":{"0":"post-173","1":"product","2":"type-product","3":"status-publish","4":"has-post-thumbnail","6":"product_cat-imprime","7":"product_cat-livres","8":"product_cat-non-classe","9":"product_tag-clm","10":"product_tag-roman","11":"product_tag-samuel-masson","12":"product_tag-thriller","14":"entry","15":"has-media","17":"first","18":"instock","19":"taxable","20":"shipping-taxable","21":"purchasable","22":"product-type-simple","23":"has-product-nav","24":"col","25":"span_1_of_4","26":"owp-content-center","27":"owp-thumbs-layout-horizontal","28":"owp-btn-normal","29":"owp-tabs-layout-horizontal"},"jetpack_sharing_enabled":true,"_links":{"self":[{"href":"https:\/\/quart-hibou.fr\/index.php\/wp-json\/wp\/v2\/product\/173","targetHints":{"allow":["GET"]}}],"collection":[{"href":"https:\/\/quart-hibou.fr\/index.php\/wp-json\/wp\/v2\/product"}],"about":[{"href":"https:\/\/quart-hibou.fr\/index.php\/wp-json\/wp\/v2\/types\/product"}],"replies":[{"embeddable":true,"href":"https:\/\/quart-hibou.fr\/index.php\/wp-json\/wp\/v2\/comments?post=173"}],"wp:featuredmedia":[{"embeddable":true,"href":"https:\/\/quart-hibou.fr\/index.php\/wp-json\/wp\/v2\/media\/175"}],"wp:attachment":[{"href":"https:\/\/quart-hibou.fr\/index.php\/wp-json\/wp\/v2\/media?parent=173"}],"wp:term":[{"taxonomy":"product_brand","embeddable":true,"href":"https:\/\/quart-hibou.fr\/index.php\/wp-json\/wp\/v2\/product_brand?post=173"},{"taxonomy":"product_cat","embeddable":true,"href":"https:\/\/quart-hibou.fr\/index.php\/wp-json\/wp\/v2\/product_cat?post=173"},{"taxonomy":"product_tag","embeddable":true,"href":"https:\/\/quart-hibou.fr\/index.php\/wp-json\/wp\/v2\/product_tag?post=173"}],"curies":[{"name":"wp","href":"https:\/\/api.w.org\/{rel}","templated":true}]}}