{"id":195,"date":"2006-06-19T02:35:17","date_gmt":"2006-06-19T00:35:17","guid":{"rendered":"http:\/\/192.168.1.50\/?post_type=product&#038;p=195"},"modified":"2024-08-19T23:52:26","modified_gmt":"2024-08-19T21:52:26","slug":"artbook-dessine-moi-une-histoire","status":"publish","type":"product","link":"https:\/\/quart-hibou.fr\/index.php\/produit\/artbook-dessine-moi-une-histoire\/","title":{"rendered":"Artbook &#8211; Dessine-moi une histoire"},"content":{"rendered":"<p class=\"western\" align=\"left\">Auteur : Bruno Bollengier<\/p>\n<p class=\"western\" align=\"left\">illustration couverture : Bruno Bollengier<\/p>\n<p class=\"western\" align=\"left\">ISBN : 978-2-9543127-6-7<\/p>\n<p class=\"western\" align=\"left\">ann\u00e9e parution : 2016<\/p>\n<p class=\"western\" align=\"left\">nb pages : 74<\/p>\n<p align=\"left\">format : 21 x 29.7<\/p>\n<p class=\"western\" align=\"left\">Artbook<\/p>\n<hr \/>\n<p align=\"left\">Je suis un artiste amateur qui aime dessiner et photographier des histoires qui racontent des histoires.<br \/>\nCroquer le visage d&rsquo;Artistes, r\u00eaver de ma muse, de mon \u00e9g\u00e9rie qui reste ma dame de c\u0153ur, parcourir l&rsquo;harmonie des courbes f\u00e9minines et les coucher sur ma toile, d\u00e9couvrir de nouvelles techniques de cr\u00e9ations artistiques et num\u00e9riques&#8230;<\/p>\n<p align=\"left\">Cet ouvrage illustr\u00e9 de luxe personnalis\u00e9 est d\u00e9clin\u00e9 en trois parties :<\/p>\n<ol>\n<li>Galerie de portraits<br \/>\ngraphismes r\u00e9alis\u00e9s en noir &amp; blanc d&rsquo;apr\u00e8s photos, portraits d&rsquo;auteurs, d&rsquo;illustrateurs, d&rsquo;acteurs et de mon \u00e9g\u00e9rie, qui m&rsquo;inspirent par leurs \u00e9crits, leurs illustrations et leurs charismes&#8230;<\/li>\n<li>Galerie de couleurs<br \/>\ndes cr\u00e9ations de styles et techniques diff\u00e9rentes, d&rsquo;inspirations diverses et vari\u00e9es, un portrait d&rsquo;actrice, une superbe lecture qui m&rsquo;a transport\u00e9, mon introspection \u00ab\u00a0tatouistique\u00a0\u00bb, etc&#8230;<\/li>\n<li>Galerie de pixels<br \/>\ndes cr\u00e9ations num\u00e9riques pour po\u00e9tiser mes oeuvres, mes histoires libres d&rsquo;esprit, sublimant ma muse entre autre&#8230;<\/li>\n<\/ol>\n<p>Je suis aussi b\u00e9n\u00e9vole dans l&rsquo;association \u00ab\u00a0Tout Zanmi Ayiti \/ tous les amis d&rsquo;Ha\u00efti\u00a0\u00bb (TZA).Cet ouvrage d&rsquo;Art personnalis\u00e9 aura aussi une connotations humanitaire car un pourcentage sera revers\u00e9 \u00e0 l&rsquo;association pour les actions sur place.<\/p>\n<p align=\"left\">\n","protected":false},"excerpt":{"rendered":"<p>Auteur : Bruno Bollengier illustration couverture : Bruno Bollengier ISBN : 978-2-9543127-6-7 ann\u00e9e parution : 2016 nb pages : 74 format : 21 x 29.7 Artbook Je suis un artiste amateur qui aime dessiner et photographier des histoires qui racontent des histoires. Croquer le visage d&rsquo;Artistes, r\u00eaver de ma muse, de mon \u00e9g\u00e9rie qui reste [&hellip;]<\/p>\n","protected":false},"featured_media":191,"comment_status":"open","ping_status":"closed","template":"","meta":{"ocean_post_layout":"","ocean_both_sidebars_style":"","ocean_both_sidebars_content_width":0,"ocean_both_sidebars_sidebars_width":0,"ocean_sidebar":"0","ocean_second_sidebar":"0","ocean_disable_margins":"enable","ocean_add_body_class":"","ocean_shortcode_before_top_bar":"","ocean_shortcode_after_top_bar":"","ocean_shortcode_before_header":"","ocean_shortcode_after_header":"","ocean_has_shortcode":"","ocean_shortcode_after_title":"","ocean_shortcode_before_footer_widgets":"","ocean_shortcode_after_footer_widgets":"","ocean_shortcode_before_footer_bottom":"","ocean_shortcode_after_footer_bottom":"","ocean_display_top_bar":"default","ocean_display_header":"default","ocean_header_style":"","ocean_center_header_left_menu":"0","ocean_custom_header_template":"0","ocean_custom_logo":0,"ocean_custom_retina_logo":0,"ocean_custom_logo_max_width":0,"ocean_custom_logo_tablet_max_width":0,"ocean_custom_logo_mobile_max_width":0,"ocean_custom_logo_max_height":0,"ocean_custom_logo_tablet_max_height":0,"ocean_custom_logo_mobile_max_height":0,"ocean_header_custom_menu":"0","ocean_menu_typo_font_family":"0","ocean_menu_typo_font_subset":"","ocean_menu_typo_font_size":0,"ocean_menu_typo_font_size_tablet":0,"ocean_menu_typo_font_size_mobile":0,"ocean_menu_typo_font_size_unit":"px","ocean_menu_typo_font_weight":"","ocean_menu_typo_font_weight_tablet":"","ocean_menu_typo_font_weight_mobile":"","ocean_menu_typo_transform":"","ocean_menu_typo_transform_tablet":"","ocean_menu_typo_transform_mobile":"","ocean_menu_typo_line_height":0,"ocean_menu_typo_line_height_tablet":0,"ocean_menu_typo_line_height_mobile":0,"ocean_menu_typo_line_height_unit":"","ocean_menu_typo_spacing":0,"ocean_menu_typo_spacing_tablet":0,"ocean_menu_typo_spacing_mobile":0,"ocean_menu_typo_spacing_unit":"","ocean_menu_link_color":"","ocean_menu_link_color_hover":"","ocean_menu_link_color_active":"","ocean_menu_link_background":"","ocean_menu_link_hover_background":"","ocean_menu_link_active_background":"","ocean_menu_social_links_bg":"","ocean_menu_social_hover_links_bg":"","ocean_menu_social_links_color":"","ocean_menu_social_hover_links_color":"","ocean_disable_title":"default","ocean_disable_heading":"default","ocean_post_title":"","ocean_post_subheading":"","ocean_post_title_style":"","ocean_post_title_background_color":"","ocean_post_title_background":0,"ocean_post_title_bg_image_position":"","ocean_post_title_bg_image_attachment":"","ocean_post_title_bg_image_repeat":"","ocean_post_title_bg_image_size":"","ocean_post_title_height":0,"ocean_post_title_bg_overlay":0.5,"ocean_post_title_bg_overlay_color":"","ocean_disable_breadcrumbs":"default","ocean_breadcrumbs_color":"","ocean_breadcrumbs_separator_color":"","ocean_breadcrumbs_links_color":"","ocean_breadcrumbs_links_hover_color":"","ocean_display_footer_widgets":"default","ocean_display_footer_bottom":"default","ocean_custom_footer_template":"0"},"product_brand":[],"product_cat":[22,21,16],"product_tag":[28,27],"class_list":{"0":"post-195","1":"product","2":"type-product","3":"status-publish","4":"has-post-thumbnail","6":"product_cat-imprime","7":"product_cat-livres","8":"product_cat-non-classe","9":"product_tag-artbook","10":"product_tag-bruno-bollengier","12":"entry","13":"has-media","15":"first","16":"outofstock","17":"taxable","18":"shipping-taxable","19":"purchasable","20":"product-type-simple","21":"has-product-nav","22":"col","23":"span_1_of_4","24":"owp-content-center","25":"owp-thumbs-layout-horizontal","26":"owp-btn-normal","27":"owp-tabs-layout-horizontal"},"jetpack_sharing_enabled":true,"_links":{"self":[{"href":"https:\/\/quart-hibou.fr\/index.php\/wp-json\/wp\/v2\/product\/195","targetHints":{"allow":["GET"]}}],"collection":[{"href":"https:\/\/quart-hibou.fr\/index.php\/wp-json\/wp\/v2\/product"}],"about":[{"href":"https:\/\/quart-hibou.fr\/index.php\/wp-json\/wp\/v2\/types\/product"}],"replies":[{"embeddable":true,"href":"https:\/\/quart-hibou.fr\/index.php\/wp-json\/wp\/v2\/comments?post=195"}],"wp:featuredmedia":[{"embeddable":true,"href":"https:\/\/quart-hibou.fr\/index.php\/wp-json\/wp\/v2\/media\/191"}],"wp:attachment":[{"href":"https:\/\/quart-hibou.fr\/index.php\/wp-json\/wp\/v2\/media?parent=195"}],"wp:term":[{"taxonomy":"product_brand","embeddable":true,"href":"https:\/\/quart-hibou.fr\/index.php\/wp-json\/wp\/v2\/product_brand?post=195"},{"taxonomy":"product_cat","embeddable":true,"href":"https:\/\/quart-hibou.fr\/index.php\/wp-json\/wp\/v2\/product_cat?post=195"},{"taxonomy":"product_tag","embeddable":true,"href":"https:\/\/quart-hibou.fr\/index.php\/wp-json\/wp\/v2\/product_tag?post=195"}],"curies":[{"name":"wp","href":"https:\/\/api.w.org\/{rel}","templated":true}]}}